{"id":11,"date":"2020-03-03T14:55:28","date_gmt":"2020-03-03T14:55:28","guid":{"rendered":"https:\/\/www.wolfgangs-staudengarten.de\/?page_id=11"},"modified":"2020-03-04T10:45:21","modified_gmt":"2020-03-04T10:45:21","slug":"sortiment","status":"publish","type":"page","link":"https:\/\/www.wolfgangs-staudengarten.de\/index.php\/sortiment\/","title":{"rendered":"Bei uns finden Sie:"},"content":{"rendered":"\r\n<ul class=\"wp-block-list\">\r\n<li>Stauden<\/li>\r\n<li>Gr\u00e4ser &amp; Farne<\/li>\r\n<li>Obstb\u00e4ume<\/li>\r\n<li>Geh\u00f6lze<\/li>\r\n<li>Beet- und Balkonpflanzen<\/li>\r\n<li>Zimmerpflanzen<\/li>\r\n<li>Erden, D\u00fcnger und Pflanzenschutzmittel<\/li>\r\n<li>Ton- und Terrakottaware<\/li>\r\n<li>Tannenb\u00e4ume aus biologischen Anbau (saisonal)<\/li>\r\n<li>Freilandschnittblumen (saisonal)<\/li>\r\n<\/ul>\r\n<p><img loading=\"lazy\" decoding=\"async\" class=\"alignnone size-full wp-image-63\" src=\"https:\/\/www.wolfgangs-staudengarten.de\/wp-content\/uploads\/2020\/03\/Sortiment.jpg\" alt=\"\" width=\"500\" height=\"335\" srcset=\"https:\/\/www.wolfgangs-staudengarten.de\/wp-content\/uploads\/2020\/03\/Sortiment.jpg 500w, https:\/\/www.wolfgangs-staudengarten.de\/wp-content\/uploads\/2020\/03\/Sortiment-300x201.jpg 300w, https:\/\/www.wolfgangs-staudengarten.de\/wp-content\/uploads\/2020\/03\/Sortiment-448x300.jpg 448w\" sizes=\"auto, (max-width: 500px) 100vw, 500px\" \/><\/p>\r\n","protected":false},"excerpt":{"rendered":"<p>Stauden Gr\u00e4ser &amp; Farne Obstb\u00e4ume Geh\u00f6lze Beet- und Balkonpflanzen Zimmerpflanzen Erden, D\u00fcnger und Pflanzenschutzmittel Ton- und Terrakottaware Tannenb\u00e4ume aus biologischen Anbau (saisonal) Freilandschnittblumen (saisonal)<\/p>\n","protected":false},"author":1,"featured_media":0,"parent":0,"menu_order":0,"comment_status":"closed","ping_status":"closed","template":"sidebar-page.php","meta":{"footnotes":""},"class_list":["post-11","page","type-page","status-publish","hentry"],"_links":{"self":[{"href":"https:\/\/www.wolfgangs-staudengarten.de\/index.php\/wp-json\/wp\/v2\/pages\/11","targetHints":{"allow":["GET"]}}],"collection":[{"href":"https:\/\/www.wolfgangs-staudengarten.de\/index.php\/wp-json\/wp\/v2\/pages"}],"about":[{"href":"https:\/\/www.wolfgangs-staudengarten.de\/index.php\/wp-json\/wp\/v2\/types\/page"}],"author":[{"embeddable":true,"href":"https:\/\/www.wolfgangs-staudengarten.de\/index.php\/wp-json\/wp\/v2\/users\/1"}],"replies":[{"embeddable":true,"href":"https:\/\/www.wolfgangs-staudengarten.de\/index.php\/wp-json\/wp\/v2\/comments?post=11"}],"version-history":[{"count":2,"href":"https:\/\/www.wolfgangs-staudengarten.de\/index.php\/wp-json\/wp\/v2\/pages\/11\/revisions"}],"predecessor-version":[{"id":64,"href":"https:\/\/www.wolfgangs-staudengarten.de\/index.php\/wp-json\/wp\/v2\/pages\/11\/revisions\/64"}],"wp:attachment":[{"href":"https:\/\/www.wolfgangs-staudengarten.de\/index.php\/wp-json\/wp\/v2\/media?parent=11"}],"curies":[{"name":"wp","href":"https:\/\/api.w.org\/{rel}","templated":true}]}}