{"id":2,"date":"2020-03-03T14:43:39","date_gmt":"2020-03-03T14:43:39","guid":{"rendered":"https:\/\/www.wolfgangs-staudengarten.de\/?page_id=2"},"modified":"2020-03-10T13:21:04","modified_gmt":"2020-03-10T13:21:04","slug":"dienstleistung","status":"publish","type":"page","link":"https:\/\/www.wolfgangs-staudengarten.de\/index.php\/dienstleistung\/","title":{"rendered":"Dienstleistungen und Service"},"content":{"rendered":"\r\n<ul class=\"wp-block-list\">\r\n<li>T\u00e4glicher Blumenzustelldienst<\/li>\r\n<li>Garten- und Friedhofspflege<\/li>\r\n<li>B\u00fcrobegr\u00fcnung &#8211; Hydroservice<\/li>\r\n<li>Garten- und Terassenbepfanzung<\/li>\r\n<li>Balkonkastenbepflanzung<\/li>\r\n<li>Hochzeits- und Festdekorationen<\/li>\r\n<li>Trauerbinderei<\/li>\r\n<\/ul>\r\n","protected":false},"excerpt":{"rendered":"<p>T\u00e4glicher Blumenzustelldienst Garten- und Friedhofspflege B\u00fcrobegr\u00fcnung &#8211; Hydroservice Garten- und Terassenbepfanzung Balkonkastenbepflanzung Hochzeits- und Festdekorationen Trauerbinderei<\/p>\n","protected":false},"author":1,"featured_media":0,"parent":0,"menu_order":0,"comment_status":"closed","ping_status":"closed","template":"sidebar-page.php","meta":{"footnotes":""},"class_list":["post-2","page","type-page","status-publish","hentry"],"_links":{"self":[{"href":"https:\/\/www.wolfgangs-staudengarten.de\/index.php\/wp-json\/wp\/v2\/pages\/2","targetHints":{"allow":["GET"]}}],"collection":[{"href":"https:\/\/www.wolfgangs-staudengarten.de\/index.php\/wp-json\/wp\/v2\/pages"}],"about":[{"href":"https:\/\/www.wolfgangs-staudengarten.de\/index.php\/wp-json\/wp\/v2\/types\/page"}],"author":[{"embeddable":true,"href":"https:\/\/www.wolfgangs-staudengarten.de\/index.php\/wp-json\/wp\/v2\/users\/1"}],"replies":[{"embeddable":true,"href":"https:\/\/www.wolfgangs-staudengarten.de\/index.php\/wp-json\/wp\/v2\/comments?post=2"}],"version-history":[{"count":4,"href":"https:\/\/www.wolfgangs-staudengarten.de\/index.php\/wp-json\/wp\/v2\/pages\/2\/revisions"}],"predecessor-version":[{"id":74,"href":"https:\/\/www.wolfgangs-staudengarten.de\/index.php\/wp-json\/wp\/v2\/pages\/2\/revisions\/74"}],"wp:attachment":[{"href":"https:\/\/www.wolfgangs-staudengarten.de\/index.php\/wp-json\/wp\/v2\/media?parent=2"}],"curies":[{"name":"wp","href":"https:\/\/api.w.org\/{rel}","templated":true}]}}