{"id":28,"date":"2020-03-03T15:05:57","date_gmt":"2020-03-03T15:05:57","guid":{"rendered":"https:\/\/www.wolfgangs-staudengarten.de\/?page_id=28"},"modified":"2020-03-04T10:46:19","modified_gmt":"2020-03-04T10:46:19","slug":"impressum","status":"publish","type":"page","link":"https:\/\/www.wolfgangs-staudengarten.de\/index.php\/impressum\/","title":{"rendered":"Impressum"},"content":{"rendered":"\r\n<p><strong>Rechtliche Hinweise<\/strong><br \/><br \/><strong>Wolfgang&#8217;s Staudengarten<\/strong><br \/>Alexanderstra\u00dfe 21<br \/>D-45472 M\u00fclheim an der Ruhr<br \/>Telefon 02 08 &#8211; 49 82 29<br \/>Telefax 02 08 &#8211; 78 17 36<br \/><br \/>Gesch\u00e4ftsf\u00fchrung: Wolfgang Tebbe<br \/>Steuernummer: 120\/6891\/0335<br \/>email: <a href=\"mailto:staudengarten@web.de\">staudengarten@web.de<\/a><\/p>\r\n\r\n\r\n\r\n<p><strong>Haftung f\u00fcr Inhalte <\/strong><\/p>\r\n\r\n\r\n\r\n<p>Die Inhalte unserer Seiten wurden mit gr\u00f6\u00dfter Sorgfalt erstellt. F\u00fcr die Richtigkeit, Vollst\u00e4ndigkeit und Aktualit\u00e4t der Inhalte k\u00f6nnen wir jedoch keine Gew\u00e4hr \u00fcbernehmen. Als Diensteanbieter sind wir gem\u00e4\u00df \u00a7 7 Abs.1 TMG f\u00fcr eigene Inhalte auf diesen Seiten nach den allgemeinen Gesetzen verantwortlich. Nach \u00a7\u00a7 8 bis 10 TMG sind wir als Diensteanbieter jedoch nicht verpflichtet, \u00fcbermittelte oder gespeicherte fremde Informationen zu \u00fcberwachen oder nach Umst\u00e4nden zu forschen, die auf eine rechtswidrige T\u00e4tigkeit hinweisen. Verpflichtungen zur Entfernung oder Sperrung der Nutzung von Informationen nach den allgemeinen Gesetzen bleiben hiervon unber\u00fchrt. Eine diesbez\u00fcgliche Haftung ist jedoch erst ab dem Zeitpunkt der Kenntnis einer konkreten Rechtsverletzung m\u00f6glich. Bei Bekanntwerden von entsprechenden Rechtsverletzungen werden wir diese Inhalte umgehend entfernen.<\/p>\r\n\r\n\r\n\r\n<p><strong>Urheberrecht <\/strong><\/p>\r\n\r\n\r\n\r\n<p>Die durch die Seitenbetreiber erstellten Inhalte und Werke auf diesen Seiten unterliegen dem deutschen Urheberrecht. Die Vervielf\u00e4ltigung, Bearbeitung, Verbreitung und jede Art der Verwertung au\u00dferhalb der Grenzen des Urheberrechtes bed\u00fcrfen der schriftlichen Zustimmung des jeweiligen Autors bzw. Erstellers. Downloads und Kopien dieser Seite sind nur f\u00fcr den privaten, nicht kommerziellen Gebrauch gestattet. Soweit die Inhalte auf dieser Seite nicht vom Betreiber erstellt wurden, werden die Urheberrechte Dritter beachtet. Insbesondere werden Inhalte Dritter als solche gekennzeichnet. Sollten Sie trotzdem auf eine Urheberrechtsverletzung aufmerksam werden, bitten wir um einen entsprechenden Hinweis. Bei Bekanntwerden von Rechtsverletzungen werden wir derartige Inhalte umgehend entfernen.<\/p>\r\n\r\n\r\n","protected":false},"excerpt":{"rendered":"<p>Rechtliche Hinweise Wolfgang&#8217;s StaudengartenAlexanderstra\u00dfe 21D-45472 M\u00fclheim an der RuhrTelefon 02 08 &#8211; 49 82 29Telefax 02 08 &#8211; 78 17 36 Gesch\u00e4ftsf\u00fchrung: Wolfgang TebbeSteuernummer: 120\/6891\/0335email: staudengarten@web.de Haftung f\u00fcr Inhalte Die Inhalte unserer Seiten wurden mit gr\u00f6\u00dfter Sorgfalt erstellt. F\u00fcr die &hellip; <a href=\"https:\/\/www.wolfgangs-staudengarten.de\/index.php\/impressum\/\">Weiterlesen <span class=\"meta-nav\">&rarr;<\/span><\/a><\/p>\n","protected":false},"author":1,"featured_media":0,"parent":0,"menu_order":0,"comment_status":"closed","ping_status":"closed","template":"sidebar-page.php","meta":{"footnotes":""},"class_list":["post-28","page","type-page","status-publish","hentry"],"_links":{"self":[{"href":"https:\/\/www.wolfgangs-staudengarten.de\/index.php\/wp-json\/wp\/v2\/pages\/28","targetHints":{"allow":["GET"]}}],"collection":[{"href":"https:\/\/www.wolfgangs-staudengarten.de\/index.php\/wp-json\/wp\/v2\/pages"}],"about":[{"href":"https:\/\/www.wolfgangs-staudengarten.de\/index.php\/wp-json\/wp\/v2\/types\/page"}],"author":[{"embeddable":true,"href":"https:\/\/www.wolfgangs-staudengarten.de\/index.php\/wp-json\/wp\/v2\/users\/1"}],"replies":[{"embeddable":true,"href":"https:\/\/www.wolfgangs-staudengarten.de\/index.php\/wp-json\/wp\/v2\/comments?post=28"}],"version-history":[{"count":2,"href":"https:\/\/www.wolfgangs-staudengarten.de\/index.php\/wp-json\/wp\/v2\/pages\/28\/revisions"}],"predecessor-version":[{"id":42,"href":"https:\/\/www.wolfgangs-staudengarten.de\/index.php\/wp-json\/wp\/v2\/pages\/28\/revisions\/42"}],"wp:attachment":[{"href":"https:\/\/www.wolfgangs-staudengarten.de\/index.php\/wp-json\/wp\/v2\/media?parent=28"}],"curies":[{"name":"wp","href":"https:\/\/api.w.org\/{rel}","templated":true}]}}