{"id":85,"date":"2020-03-12T13:09:41","date_gmt":"2020-03-12T13:09:41","guid":{"rendered":"https:\/\/www.wolfgangs-staudengarten.de\/?page_id=85"},"modified":"2020-03-12T13:11:15","modified_gmt":"2020-03-12T13:11:15","slug":"home","status":"publish","type":"page","link":"https:\/\/www.wolfgangs-staudengarten.de\/","title":{"rendered":"Willkommen"},"content":{"rendered":"\r\n<h5 class=\"wp-block-heading\">in Wolfgang&#8217;s Staudengarten,\u00a0die gr\u00fcne Insel direkt an der Autobahn A40<\/h5>\r\n\r\n\r\n\r\n\r\n\r\n<p>Wie sind Ihre G\u00e4rtnerei in M\u00fclheim Hei\u00dfen!<\/p>\r\n\r\n\r\n\r\n<figure class=\"wp-block-image\"><img loading=\"lazy\" decoding=\"async\" class=\"alignnone size-full wp-image-59\" src=\"https:\/\/www.wolfgangs-staudengarten.de\/wp-content\/uploads\/2020\/03\/Eingang_s.jpg\" alt=\"\" width=\"500\" height=\"335\" srcset=\"https:\/\/www.wolfgangs-staudengarten.de\/wp-content\/uploads\/2020\/03\/Eingang_s.jpg 500w, https:\/\/www.wolfgangs-staudengarten.de\/wp-content\/uploads\/2020\/03\/Eingang_s-300x201.jpg 300w, https:\/\/www.wolfgangs-staudengarten.de\/wp-content\/uploads\/2020\/03\/Eingang_s-448x300.jpg 448w\" sizes=\"auto, (max-width: 500px) 100vw, 500px\" \/><\/figure>\r\n\r\n\r\n\r\n<p>Beet- u. Balkonpflanzen, Kr\u00e4uter, Rosen, Stauden, Obstgeh\u00f6lze, Rhododendron\/ Azaleen, Wasserpflanzen, K\u00fcbelpflanzen, Gem\u00fcsepflanzen, Tannenb\u00e4ume Sonderservice, Hochzeitsdekorationen, Kr\u00e4nze, Gartenbepflanzung und Gartenpflege, K\u00fcbelpflanzen-\u00dcberwinterung, Tannenbaum-Einstieldienst<\/p>\r\n","protected":false},"excerpt":{"rendered":"<p>in Wolfgang&#8217;s Staudengarten,\u00a0die gr\u00fcne Insel direkt an der Autobahn A40 Wie sind Ihre G\u00e4rtnerei in M\u00fclheim Hei\u00dfen! Beet- u. Balkonpflanzen, Kr\u00e4uter, Rosen, Stauden, Obstgeh\u00f6lze, Rhododendron\/ Azaleen, Wasserpflanzen, K\u00fcbelpflanzen, Gem\u00fcsepflanzen, Tannenb\u00e4ume Sonderservice, Hochzeitsdekorationen, Kr\u00e4nze, Gartenbepflanzung und Gartenpflege, K\u00fcbelpflanzen-\u00dcberwinterung, Tannenbaum-Einstieldienst<\/p>\n","protected":false},"author":2,"featured_media":0,"parent":0,"menu_order":0,"comment_status":"closed","ping_status":"closed","template":"sidebar-page.php","meta":{"footnotes":""},"class_list":["post-85","page","type-page","status-publish","hentry"],"_links":{"self":[{"href":"https:\/\/www.wolfgangs-staudengarten.de\/index.php\/wp-json\/wp\/v2\/pages\/85","targetHints":{"allow":["GET"]}}],"collection":[{"href":"https:\/\/www.wolfgangs-staudengarten.de\/index.php\/wp-json\/wp\/v2\/pages"}],"about":[{"href":"https:\/\/www.wolfgangs-staudengarten.de\/index.php\/wp-json\/wp\/v2\/types\/page"}],"author":[{"embeddable":true,"href":"https:\/\/www.wolfgangs-staudengarten.de\/index.php\/wp-json\/wp\/v2\/users\/2"}],"replies":[{"embeddable":true,"href":"https:\/\/www.wolfgangs-staudengarten.de\/index.php\/wp-json\/wp\/v2\/comments?post=85"}],"version-history":[{"count":2,"href":"https:\/\/www.wolfgangs-staudengarten.de\/index.php\/wp-json\/wp\/v2\/pages\/85\/revisions"}],"predecessor-version":[{"id":88,"href":"https:\/\/www.wolfgangs-staudengarten.de\/index.php\/wp-json\/wp\/v2\/pages\/85\/revisions\/88"}],"wp:attachment":[{"href":"https:\/\/www.wolfgangs-staudengarten.de\/index.php\/wp-json\/wp\/v2\/media?parent=85"}],"curies":[{"name":"wp","href":"https:\/\/api.w.org\/{rel}","templated":true}]}}